{"id":14399,"date":"2024-07-09T08:40:09","date_gmt":"2024-07-09T08:40:09","guid":{"rendered":"https:\/\/stepahead.pt\/?page_id=14399"},"modified":"2025-11-24T17:53:45","modified_gmt":"2025-11-24T17:53:45","slug":"multimedia","status":"publish","type":"page","link":"https:\/\/stepahead.pt\/en\/quem-somos\/multimedia\/","title":{"rendered":"Media"},"content":{"rendered":"<div data-elementor-type=\"wp-page\" data-elementor-id=\"14399\" class=\"elementor elementor-14399\" data-elementor-post-type=\"page\">\n\t\t\t\t<div class=\"elementor-element elementor-element-3194f34 e-con-full e-flex e-con e-parent\" data-id=\"3194f34\" data-element_type=\"container\" data-e-type=\"container\">\n\t\t\t\t<div class=\"elementor-element elementor-element-d6e9687 elementor-widget elementor-widget-template\" data-id=\"d6e9687\" data-element_type=\"widget\" data-e-type=\"widget\" data-widget_type=\"template.default\">\n\t\t\t\t<div class=\"elementor-widget-container\">\n\t\t\t\t\t\t\t<div class=\"elementor-template\">\n\t\t\t\t\t<div data-elementor-type=\"container\" data-elementor-id=\"19586\" class=\"elementor elementor-19586\" data-elementor-post-type=\"elementor_library\">\n\t\t\t\t<div class=\"elementor-element elementor-element-2322798f e-flex e-con-boxed e-con e-parent\" data-id=\"2322798f\" data-element_type=\"container\" data-e-type=\"container\" data-settings=\"{&quot;background_background&quot;:&quot;classic&quot;}\">\n\t\t\t\t\t<div class=\"e-con-inner\">\n\t\t\t\t<div class=\"elementor-element elementor-element-77772716 elementor-widget elementor-widget-heading\" data-id=\"77772716\" data-element_type=\"widget\" data-e-type=\"widget\" data-widget_type=\"heading.default\">\n\t\t\t\t<div class=\"elementor-widget-container\">\n\t\t\t\t\t<h1 class=\"elementor-heading-title elementor-size-default\">Media<\/h1>\t\t\t\t<\/div>\n\t\t\t\t<\/div>\n\t\t\t\t\t<\/div>\n\t\t\t\t<\/div>\n\t\t\t\t<\/div>\n\t\t\t\t<\/div>\n\t\t\t\t\t\t<\/div>\n\t\t\t\t<\/div>\n\t\t\t\t<\/div>\n\t\t<div class=\"elementor-element elementor-element-eff480a e-grid e-con-boxed e-con e-parent\" data-id=\"eff480a\" data-element_type=\"container\" data-e-type=\"container\">\n\t\t\t\t\t<div class=\"e-con-inner\">\n\t\t\t\t<div class=\"elementor-element elementor-element-debe4ec elementor-hidden-laptop elementor-hidden-tablet elementor-hidden-mobile elementor-widget elementor-widget-spacer\" data-id=\"debe4ec\" data-element_type=\"widget\" data-e-type=\"widget\" data-widget_type=\"spacer.default\">\n\t\t\t\t<div class=\"elementor-widget-container\">\n\t\t\t\t\t\t\t<div class=\"elementor-spacer\">\n\t\t\t<div class=\"elementor-spacer-inner\"><\/div>\n\t\t<\/div>\n\t\t\t\t\t\t<\/div>\n\t\t\t\t<\/div>\n\t\t<div class=\"elementor-element elementor-element-94fdf94 e-con-full e-flex e-con e-child\" data-id=\"94fdf94\" data-element_type=\"container\" data-e-type=\"container\">\n\t\t\t\t<div class=\"elementor-element elementor-element-13048f0 bar-title elementor-widget elementor-widget-heading\" data-id=\"13048f0\" data-element_type=\"widget\" data-e-type=\"widget\" data-widget_type=\"heading.default\">\n\t\t\t\t<div class=\"elementor-widget-container\">\n\t\t\t\t\t<h2 class=\"elementor-heading-title elementor-size-default\">Immerse yourself in the world of Step Ahead Consulting<\/h2>\t\t\t\t<\/div>\n\t\t\t\t<\/div>\n\t\t\t\t<div class=\"elementor-element elementor-element-2836bcd elementor-widget-mobile__width-inherit elementor-widget elementor-widget-text-editor\" data-id=\"2836bcd\" data-element_type=\"widget\" data-e-type=\"widget\" data-widget_type=\"text-editor.default\">\n\t\t\t\t<div class=\"elementor-widget-container\">\n\t\t\t\t\t\t\t\t\t<p>Explore our unique voice and tone of communication.<\/p><p>Oi\u00e7a e veja os epis\u00f3dios do nosso podcast e videocast Step ON e fique por dentro das \u00faltimas tend\u00eancias em tecnologia.<\/p><p>We cover a wide range of topics, from the implementation of new technologies to information security.<\/p><p>Acompanhe as nossas entrevistas com especialistas que partilham insights valiosos sobre as \u00faltimas tend\u00eancias e tecnologias.<\/p><p>Find out how to optimize your business processes, protect data and much more.<\/p><p>Encontre respostas\u00a0para tomar decis\u00f5es estrat\u00e9gicas que permitem manter a sua organiza\u00e7\u00e3o \u00e0 frente da concorr\u00eancia.<\/p><p>Assine o nosso canal no Youtube e fique por dentro das novidades do mundo da TI.<\/p><p>Assine o nosso canal: <a id=\"menurajp\" class=\"fui-Link ___1q1shib f2hkw1w f3rmtva f1ewtqcl fyind8e f1k6fduh f1w7gpdv fk6fouc fjoy568 figsok6 f1s184ao f1mk8lai fnbmjn9 f1o700av f13mvf36 f1cmlufx f9n3di6 f1ids18y f1tx3yz7 f1deo86v f1eh06m1 f1iescvh fhgqx19 f1olyrje f1p93eir f1nev41a f1h8hb77 f1lqvz6u f10aw75t fsle3fq f17ae5zn\" title=\"https:\/\/www.youtube.com\/@stepaheadconsultingofficial\" href=\"https:\/\/www.youtube.com\/@StepAheadConsultingOfficial\" target=\"_blank\" rel=\"noreferrer noopener\" aria-label=\"Liga\u00e7\u00e3o https:\/\/www.youtube.com\/@StepAheadConsultingOfficial\">https:\/\/www.youtube.com\/@StepAheadConsultingOfficial<\/a><\/p>\t\t\t\t\t\t\t\t<\/div>\n\t\t\t\t<\/div>\n\t\t\t\t<\/div>\n\t\t\t\t\t<\/div>\n\t\t\t\t<\/div>\n\t\t<div class=\"elementor-element elementor-element-a24a961 e-grid e-con-boxed e-con e-parent\" data-id=\"a24a961\" data-element_type=\"container\" data-e-type=\"container\">\n\t\t\t\t\t<div class=\"e-con-inner\">\n\t\t\t\t<div class=\"elementor-element elementor-element-3a11613 elementor-hidden-laptop elementor-hidden-tablet elementor-hidden-mobile elementor-widget elementor-widget-spacer\" data-id=\"3a11613\" data-element_type=\"widget\" data-e-type=\"widget\" data-widget_type=\"spacer.default\">\n\t\t\t\t<div class=\"elementor-widget-container\">\n\t\t\t\t\t\t\t<div class=\"elementor-spacer\">\n\t\t\t<div class=\"elementor-spacer-inner\"><\/div>\n\t\t<\/div>\n\t\t\t\t\t\t<\/div>\n\t\t\t\t<\/div>\n\t\t<div class=\"elementor-element elementor-element-76194ab e-con-full e-grid e-con e-child\" data-id=\"76194ab\" data-element_type=\"container\" data-e-type=\"container\" data-settings=\"{&quot;background_background&quot;:&quot;classic&quot;}\">\n\t\t\t\t<div class=\"elementor-element elementor-element-51cff15 elementor-view-default elementor-position-block-start elementor-mobile-position-block-start elementor-widget elementor-widget-icon-box\" data-id=\"51cff15\" data-element_type=\"widget\" data-e-type=\"widget\" data-widget_type=\"icon-box.default\">\n\t\t\t\t<div class=\"elementor-widget-container\">\n\t\t\t\t\t\t\t<div class=\"elementor-icon-box-wrapper\">\n\n\t\t\t\t\t\t<div class=\"elementor-icon-box-icon\">\n\t\t\t\t<a href=\"https:\/\/stepahead.pt\/podcasts\/step-on\/\" class=\"elementor-icon\" tabindex=\"-1\" aria-label=\"Step ON\">\n\t\t\t\t<i aria-hidden=\"true\" class=\"STEP_ STEP_microfone\"><\/i>\t\t\t\t<\/a>\n\t\t\t<\/div>\n\t\t\t\n\t\t\t\t\t\t<div class=\"elementor-icon-box-content\">\n\n\t\t\t\t\t\t\t\t\t<h2 class=\"elementor-icon-box-title\">\n\t\t\t\t\t\t<a href=\"https:\/\/stepahead.pt\/podcasts\/step-on\/\" >\n\t\t\t\t\t\t\tStep ON\t\t\t\t\t\t<\/a>\n\t\t\t\t\t<\/h2>\n\t\t\t\t\n\t\t\t\t\t\t\t\t\t<p class=\"elementor-icon-box-description\">\n\t\t\t\t\t\tOur official podcast.\t\t\t\t\t<\/p>\n\t\t\t\t\n\t\t\t<\/div>\n\t\t\t\n\t\t<\/div>\n\t\t\t\t\t\t<\/div>\n\t\t\t\t<\/div>\n\t\t\t\t<div class=\"elementor-element elementor-element-15f4e3c elementor-align-justify elementor-widget__width-inherit elementor-widget-mobile__width-inherit elementor-widget elementor-widget-button\" data-id=\"15f4e3c\" data-element_type=\"widget\" data-e-type=\"widget\" data-widget_type=\"button.default\">\n\t\t\t\t<div class=\"elementor-widget-container\">\n\t\t\t\t\t\t\t\t\t<div class=\"elementor-button-wrapper\">\n\t\t\t\t\t<a class=\"elementor-button elementor-button-link elementor-size-sm\" href=\"https:\/\/stepahead.pt\/podcasts\/step-on\/\">\n\t\t\t\t\t\t<span class=\"elementor-button-content-wrapper\">\n\t\t\t\t\t\t\t\t\t<span class=\"elementor-button-text\">Listen<\/span>\n\t\t\t\t\t<\/span>\n\t\t\t\t\t<\/a>\n\t\t\t\t<\/div>\n\t\t\t\t\t\t\t\t<\/div>\n\t\t\t\t<\/div>\n\t\t\t\t<div class=\"elementor-element elementor-element-43d7136 elementor-align-justify elementor-widget__width-inherit elementor-widget-mobile__width-inherit elementor-widget elementor-widget-button\" data-id=\"43d7136\" data-element_type=\"widget\" data-e-type=\"widget\" data-widget_type=\"button.default\">\n\t\t\t\t<div class=\"elementor-widget-container\">\n\t\t\t\t\t\t\t\t\t<div class=\"elementor-button-wrapper\">\n\t\t\t\t\t<a class=\"elementor-button elementor-button-link elementor-size-sm\" href=\"https:\/\/www.youtube.com\/playlist?list=PLCVkNNxcV3JjPBZCJcBAwesyfq_pNTTfr\">\n\t\t\t\t\t\t<span class=\"elementor-button-content-wrapper\">\n\t\t\t\t\t\t\t\t\t<span class=\"elementor-button-text\">View<\/span>\n\t\t\t\t\t<\/span>\n\t\t\t\t\t<\/a>\n\t\t\t\t<\/div>\n\t\t\t\t\t\t\t\t<\/div>\n\t\t\t\t<\/div>\n\t\t\t\t<\/div>\n\t\t<div class=\"elementor-element elementor-element-5db764f e-con-full e-grid e-con e-child\" data-id=\"5db764f\" data-element_type=\"container\" data-e-type=\"container\" data-settings=\"{&quot;background_background&quot;:&quot;classic&quot;}\">\n\t\t\t\t<div class=\"elementor-element elementor-element-643927a elementor-view-default elementor-position-block-start elementor-mobile-position-block-start elementor-widget elementor-widget-icon-box\" data-id=\"643927a\" data-element_type=\"widget\" data-e-type=\"widget\" data-widget_type=\"icon-box.default\">\n\t\t\t\t<div class=\"elementor-widget-container\">\n\t\t\t\t\t\t\t<div class=\"elementor-icon-box-wrapper\">\n\n\t\t\t\t\t\t<div class=\"elementor-icon-box-icon\">\n\t\t\t\t<a href=\"https:\/\/www.youtube.com\/@StepAheadConsultingOfficial\/\" class=\"elementor-icon\" tabindex=\"-1\" aria-label=\"Videos\">\n\t\t\t\t<i aria-hidden=\"true\" class=\"fab fa-youtube\"><\/i>\t\t\t\t<\/a>\n\t\t\t<\/div>\n\t\t\t\n\t\t\t\t\t\t<div class=\"elementor-icon-box-content\">\n\n\t\t\t\t\t\t\t\t\t<h2 class=\"elementor-icon-box-title\">\n\t\t\t\t\t\t<a href=\"https:\/\/www.youtube.com\/@StepAheadConsultingOfficial\/\" >\n\t\t\t\t\t\t\tVideos\t\t\t\t\t\t<\/a>\n\t\t\t\t\t<\/h2>\n\t\t\t\t\n\t\t\t\t\t\t\t\t\t<p class=\"elementor-icon-box-description\">\n\t\t\t\t\t\tOur YouTube channel.\t\t\t\t\t<\/p>\n\t\t\t\t\n\t\t\t<\/div>\n\t\t\t\n\t\t<\/div>\n\t\t\t\t\t\t<\/div>\n\t\t\t\t<\/div>\n\t\t\t\t<div class=\"elementor-element elementor-element-5f1911f elementor-align-justify elementor-widget__width-initial elementor-widget elementor-widget-button\" data-id=\"5f1911f\" data-element_type=\"widget\" data-e-type=\"widget\" data-widget_type=\"button.default\">\n\t\t\t\t<div class=\"elementor-widget-container\">\n\t\t\t\t\t\t\t\t\t<div class=\"elementor-button-wrapper\">\n\t\t\t\t\t<a class=\"elementor-button elementor-button-link elementor-size-sm\" href=\"https:\/\/www.youtube.com\/@StepAheadConsultingOfficial\/\">\n\t\t\t\t\t\t<span class=\"elementor-button-content-wrapper\">\n\t\t\t\t\t\t\t\t\t<span class=\"elementor-button-text\">View<\/span>\n\t\t\t\t\t<\/span>\n\t\t\t\t\t<\/a>\n\t\t\t\t<\/div>\n\t\t\t\t\t\t\t\t<\/div>\n\t\t\t\t<\/div>\n\t\t\t\t<\/div>\n\t\t<div class=\"elementor-element elementor-element-e615046 e-con-full e-grid e-con e-child\" data-id=\"e615046\" data-element_type=\"container\" data-e-type=\"container\" data-settings=\"{&quot;background_background&quot;:&quot;classic&quot;}\">\n\t\t\t\t<div class=\"elementor-element elementor-element-161395b elementor-view-default elementor-position-block-start elementor-mobile-position-block-start elementor-widget elementor-widget-icon-box\" data-id=\"161395b\" data-element_type=\"widget\" data-e-type=\"widget\" data-widget_type=\"icon-box.default\">\n\t\t\t\t<div class=\"elementor-widget-container\">\n\t\t\t\t\t\t\t<div class=\"elementor-icon-box-wrapper\">\n\n\t\t\t\t\t\t<div class=\"elementor-icon-box-icon\">\n\t\t\t\t<a href=\"https:\/\/stepahead.pt\/quem-somos\/voz-e-tom-de-comunicacao\/\" class=\"elementor-icon\" tabindex=\"-1\" aria-label=\"Voice and tone\">\n\t\t\t\t<i aria-hidden=\"true\" class=\"STEP_ STEP_voz-e-tom\"><\/i>\t\t\t\t<\/a>\n\t\t\t<\/div>\n\t\t\t\n\t\t\t\t\t\t<div class=\"elementor-icon-box-content\">\n\n\t\t\t\t\t\t\t\t\t<h2 class=\"elementor-icon-box-title\">\n\t\t\t\t\t\t<a href=\"https:\/\/stepahead.pt\/quem-somos\/voz-e-tom-de-comunicacao\/\" >\n\t\t\t\t\t\t\tVoice and tone\t\t\t\t\t\t<\/a>\n\t\t\t\t\t<\/h2>\n\t\t\t\t\n\t\t\t\t\t\t\t\t\t<p class=\"elementor-icon-box-description\">\n\t\t\t\t\t\tComo comunicamos.\t\t\t\t\t<\/p>\n\t\t\t\t\n\t\t\t<\/div>\n\t\t\t\n\t\t<\/div>\n\t\t\t\t\t\t<\/div>\n\t\t\t\t<\/div>\n\t\t\t\t<div class=\"elementor-element elementor-element-3fcfef1 elementor-align-justify elementor-widget__width-initial elementor-widget elementor-widget-button\" data-id=\"3fcfef1\" data-element_type=\"widget\" data-e-type=\"widget\" data-widget_type=\"button.default\">\n\t\t\t\t<div class=\"elementor-widget-container\">\n\t\t\t\t\t\t\t\t\t<div class=\"elementor-button-wrapper\">\n\t\t\t\t\t<a class=\"elementor-button elementor-button-link elementor-size-sm\" href=\"https:\/\/stepahead.pt\/quem-somos\/voz-e-tom-de-comunicacao\/\">\n\t\t\t\t\t\t<span class=\"elementor-button-content-wrapper\">\n\t\t\t\t\t\t\t\t\t<span class=\"elementor-button-text\">Read<\/span>\n\t\t\t\t\t<\/span>\n\t\t\t\t\t<\/a>\n\t\t\t\t<\/div>\n\t\t\t\t\t\t\t\t<\/div>\n\t\t\t\t<\/div>\n\t\t\t\t<\/div>\n\t\t\t\t\t<\/div>\n\t\t\t\t<\/div>\n\t\t\t\t<\/div>","protected":false},"excerpt":{"rendered":"<p>Mergulhe no universo da Step Ahead Consulting Explore a nossa voz e tom de comunica\u00e7\u00e3o \u00fanicos. Oi\u00e7a e veja os epis\u00f3dios do nosso podcast e videocast Step ON e fique por dentro das \u00faltimas tend\u00eancias em tecnologia. Abordamos uma ampla gama de temas, desde a implementa\u00e7\u00e3o de novas tecnologias at\u00e9 a seguran\u00e7a da informa\u00e7\u00e3o. Acompanhe [&hellip;]<\/p>\n","protected":false},"author":3,"featured_media":14456,"parent":3712,"menu_order":0,"comment_status":"closed","ping_status":"closed","template":"elementor_header_footer","meta":{"_acf_changed":false,"episode_type":"","audio_file":"","cover_image":"","cover_image_id":"","duration":"","filesize":"","date_recorded":"","explicit":"","block":"","filesize_raw":"","footnotes":""},"class_list":["post-14399","page","type-page","status-publish","has-post-thumbnail","hentry"],"acf":[],"yoast_head":"<!-- This site is optimized with the Yoast SEO plugin v27.5 - https:\/\/yoast.com\/product\/yoast-seo-wordpress\/ -->\n<title>Media<\/title>\n<meta name=\"description\" content=\"Multim\u00e9dia apresentada e feita por Step Ahead Consulting. Consulte os v\u00e1rios recursos audiovisuais para saber mais sobre a empresa.\" \/>\n<meta name=\"robots\" content=\"index, follow, max-snippet:-1, max-image-preview:large, max-video-preview:-1\" \/>\n<link rel=\"canonical\" href=\"https:\/\/stepahead.pt\/en\/quem-somos\/multimedia\/\" \/>\n<meta property=\"og:locale\" content=\"en_US\" \/>\n<meta property=\"og:type\" content=\"article\" \/>\n<meta property=\"og:title\" content=\"As nossos servi\u00e7os.\" \/>\n<meta property=\"og:description\" content=\"Gest\u00e3o Documental, CRM Salesforce e consultoria com solu\u00e7\u00f5es \u00e0 medida. Servi\u00e7os que combinam o expertise dos nossos consultores e tecnologia. Vamos falar?\" \/>\n<meta property=\"og:url\" content=\"https:\/\/stepahead.pt\/en\/quem-somos\/multimedia\/\" \/>\n<meta property=\"og:site_name\" content=\"Step Ahead Consulting\" \/>\n<meta property=\"article:publisher\" content=\"https:\/\/www.facebook.com\/StepAheadConsultingPortugal\/\" \/>\n<meta property=\"article:modified_time\" content=\"2025-11-24T17:53:45+00:00\" \/>\n<meta name=\"twitter:card\" content=\"summary_large_image\" \/>\n<meta name=\"twitter:title\" content=\"Os nossos servi\u00e7os\" \/>\n<meta name=\"twitter:description\" content=\"Gest\u00e3o Documental, CRM Salesforce e consultoria com solu\u00e7\u00f5es \u00e0 medida. Servi\u00e7os que combinam o expertise dos nossos consultores e tecnologia. Vamos falar?\" \/>\n<meta name=\"twitter:site\" content=\"@StepAheadCons\" \/>\n<meta name=\"twitter:label1\" content=\"Est. reading time\" \/>\n\t<meta name=\"twitter:data1\" content=\"2 minutes\" \/>\n<script type=\"application\/ld+json\" class=\"yoast-schema-graph\">{\"@context\":\"https:\\\/\\\/schema.org\",\"@graph\":[{\"@type\":\"WebPage\",\"@id\":\"https:\\\/\\\/stepahead.pt\\\/quem-somos\\\/multimedia\\\/\",\"url\":\"https:\\\/\\\/stepahead.pt\\\/quem-somos\\\/multimedia\\\/\",\"name\":\"Media\",\"isPartOf\":{\"@id\":\"https:\\\/\\\/stepahead.pt\\\/#website\"},\"primaryImageOfPage\":{\"@id\":\"https:\\\/\\\/stepahead.pt\\\/quem-somos\\\/multimedia\\\/#primaryimage\"},\"image\":{\"@id\":\"https:\\\/\\\/stepahead.pt\\\/quem-somos\\\/multimedia\\\/#primaryimage\"},\"thumbnailUrl\":\"https:\\\/\\\/stepahead.pt\\\/wp-content\\\/uploads\\\/2024\\\/07\\\/multimedia_phone.jpg\",\"datePublished\":\"2024-07-09T08:40:09+00:00\",\"dateModified\":\"2025-11-24T17:53:45+00:00\",\"description\":\"Multim\u00e9dia apresentada e feita por Step Ahead Consulting. Consulte os v\u00e1rios recursos audiovisuais para saber mais sobre a empresa.\",\"breadcrumb\":{\"@id\":\"https:\\\/\\\/stepahead.pt\\\/quem-somos\\\/multimedia\\\/#breadcrumb\"},\"inLanguage\":\"en-US\",\"potentialAction\":[{\"@type\":\"ReadAction\",\"target\":[\"https:\\\/\\\/stepahead.pt\\\/quem-somos\\\/multimedia\\\/\"]}]},{\"@type\":\"ImageObject\",\"inLanguage\":\"en-US\",\"@id\":\"https:\\\/\\\/stepahead.pt\\\/quem-somos\\\/multimedia\\\/#primaryimage\",\"url\":\"https:\\\/\\\/stepahead.pt\\\/wp-content\\\/uploads\\\/2024\\\/07\\\/multimedia_phone.jpg\",\"contentUrl\":\"https:\\\/\\\/stepahead.pt\\\/wp-content\\\/uploads\\\/2024\\\/07\\\/multimedia_phone.jpg\",\"width\":767,\"height\":415},{\"@type\":\"BreadcrumbList\",\"@id\":\"https:\\\/\\\/stepahead.pt\\\/quem-somos\\\/multimedia\\\/#breadcrumb\",\"itemListElement\":[{\"@type\":\"ListItem\",\"position\":1,\"name\":\"In\u00edcio\",\"item\":\"https:\\\/\\\/stepahead.pt\\\/\"},{\"@type\":\"ListItem\",\"position\":2,\"name\":\"Quem somos\",\"item\":\"https:\\\/\\\/stepahead.pt\\\/quem-somos\\\/\"},{\"@type\":\"ListItem\",\"position\":3,\"name\":\"Media\"}]},{\"@type\":\"WebSite\",\"@id\":\"https:\\\/\\\/stepahead.pt\\\/#website\",\"url\":\"https:\\\/\\\/stepahead.pt\\\/\",\"name\":\"Step Ahead Consulting\",\"description\":\"\",\"publisher\":{\"@id\":\"https:\\\/\\\/stepahead.pt\\\/#organization\"},\"potentialAction\":[{\"@type\":\"SearchAction\",\"target\":{\"@type\":\"EntryPoint\",\"urlTemplate\":\"https:\\\/\\\/stepahead.pt\\\/?s={search_term_string}\"},\"query-input\":{\"@type\":\"PropertyValueSpecification\",\"valueRequired\":true,\"valueName\":\"search_term_string\"}}],\"inLanguage\":\"en-US\"},{\"@type\":\"Organization\",\"@id\":\"https:\\\/\\\/stepahead.pt\\\/#organization\",\"name\":\"Step Ahead Consulting\",\"url\":\"https:\\\/\\\/stepahead.pt\\\/\",\"logo\":{\"@type\":\"ImageObject\",\"inLanguage\":\"en-US\",\"@id\":\"https:\\\/\\\/stepahead.pt\\\/#\\\/schema\\\/logo\\\/image\\\/\",\"url\":\"https:\\\/\\\/stepahead.pt\\\/wp-content\\\/uploads\\\/2021\\\/09\\\/sac-favicon.svg\",\"contentUrl\":\"https:\\\/\\\/stepahead.pt\\\/wp-content\\\/uploads\\\/2021\\\/09\\\/sac-favicon.svg\",\"width\":1754,\"height\":1754,\"caption\":\"Step Ahead Consulting\"},\"image\":{\"@id\":\"https:\\\/\\\/stepahead.pt\\\/#\\\/schema\\\/logo\\\/image\\\/\"},\"sameAs\":[\"https:\\\/\\\/www.facebook.com\\\/StepAheadConsultingPortugal\\\/\",\"https:\\\/\\\/x.com\\\/StepAheadCons\",\"https:\\\/\\\/www.linkedin.com\\\/company\\\/step-ahead-consulting-sa\\\/mycompany\\\/\",\"https:\\\/\\\/www.instagram.com\\\/stepaheadconsulting\\\/\"]}]}<\/script>\n<!-- \/ Yoast SEO plugin. -->","yoast_head_json":{"title":"Media","description":"Multim\u00e9dia apresentada e feita por Step Ahead Consulting. Consulte os v\u00e1rios recursos audiovisuais para saber mais sobre a empresa.","robots":{"index":"index","follow":"follow","max-snippet":"max-snippet:-1","max-image-preview":"max-image-preview:large","max-video-preview":"max-video-preview:-1"},"canonical":"https:\/\/stepahead.pt\/en\/quem-somos\/multimedia\/","og_locale":"en_US","og_type":"article","og_title":"As nossos servi\u00e7os.","og_description":"Gest\u00e3o Documental, CRM Salesforce e consultoria com solu\u00e7\u00f5es \u00e0 medida. Servi\u00e7os que combinam o expertise dos nossos consultores e tecnologia. Vamos falar?","og_url":"https:\/\/stepahead.pt\/en\/quem-somos\/multimedia\/","og_site_name":"Step Ahead Consulting","article_publisher":"https:\/\/www.facebook.com\/StepAheadConsultingPortugal\/","article_modified_time":"2025-11-24T17:53:45+00:00","twitter_card":"summary_large_image","twitter_title":"Os nossos servi\u00e7os","twitter_description":"Gest\u00e3o Documental, CRM Salesforce e consultoria com solu\u00e7\u00f5es \u00e0 medida. Servi\u00e7os que combinam o expertise dos nossos consultores e tecnologia. Vamos falar?","twitter_site":"@StepAheadCons","twitter_misc":{"Est. reading time":"2 minutes"},"schema":{"@context":"https:\/\/schema.org","@graph":[{"@type":"WebPage","@id":"https:\/\/stepahead.pt\/quem-somos\/multimedia\/","url":"https:\/\/stepahead.pt\/quem-somos\/multimedia\/","name":"Media","isPartOf":{"@id":"https:\/\/stepahead.pt\/#website"},"primaryImageOfPage":{"@id":"https:\/\/stepahead.pt\/quem-somos\/multimedia\/#primaryimage"},"image":{"@id":"https:\/\/stepahead.pt\/quem-somos\/multimedia\/#primaryimage"},"thumbnailUrl":"https:\/\/stepahead.pt\/wp-content\/uploads\/2024\/07\/multimedia_phone.jpg","datePublished":"2024-07-09T08:40:09+00:00","dateModified":"2025-11-24T17:53:45+00:00","description":"Multim\u00e9dia apresentada e feita por Step Ahead Consulting. Consulte os v\u00e1rios recursos audiovisuais para saber mais sobre a empresa.","breadcrumb":{"@id":"https:\/\/stepahead.pt\/quem-somos\/multimedia\/#breadcrumb"},"inLanguage":"en-US","potentialAction":[{"@type":"ReadAction","target":["https:\/\/stepahead.pt\/quem-somos\/multimedia\/"]}]},{"@type":"ImageObject","inLanguage":"en-US","@id":"https:\/\/stepahead.pt\/quem-somos\/multimedia\/#primaryimage","url":"https:\/\/stepahead.pt\/wp-content\/uploads\/2024\/07\/multimedia_phone.jpg","contentUrl":"https:\/\/stepahead.pt\/wp-content\/uploads\/2024\/07\/multimedia_phone.jpg","width":767,"height":415},{"@type":"BreadcrumbList","@id":"https:\/\/stepahead.pt\/quem-somos\/multimedia\/#breadcrumb","itemListElement":[{"@type":"ListItem","position":1,"name":"In\u00edcio","item":"https:\/\/stepahead.pt\/"},{"@type":"ListItem","position":2,"name":"Quem somos","item":"https:\/\/stepahead.pt\/quem-somos\/"},{"@type":"ListItem","position":3,"name":"Media"}]},{"@type":"WebSite","@id":"https:\/\/stepahead.pt\/#website","url":"https:\/\/stepahead.pt\/","name":"Step Ahead Consulting","description":"","publisher":{"@id":"https:\/\/stepahead.pt\/#organization"},"potentialAction":[{"@type":"SearchAction","target":{"@type":"EntryPoint","urlTemplate":"https:\/\/stepahead.pt\/?s={search_term_string}"},"query-input":{"@type":"PropertyValueSpecification","valueRequired":true,"valueName":"search_term_string"}}],"inLanguage":"en-US"},{"@type":"Organization","@id":"https:\/\/stepahead.pt\/#organization","name":"Step Ahead Consulting","url":"https:\/\/stepahead.pt\/","logo":{"@type":"ImageObject","inLanguage":"en-US","@id":"https:\/\/stepahead.pt\/#\/schema\/logo\/image\/","url":"https:\/\/stepahead.pt\/wp-content\/uploads\/2021\/09\/sac-favicon.svg","contentUrl":"https:\/\/stepahead.pt\/wp-content\/uploads\/2021\/09\/sac-favicon.svg","width":1754,"height":1754,"caption":"Step Ahead Consulting"},"image":{"@id":"https:\/\/stepahead.pt\/#\/schema\/logo\/image\/"},"sameAs":["https:\/\/www.facebook.com\/StepAheadConsultingPortugal\/","https:\/\/x.com\/StepAheadCons","https:\/\/www.linkedin.com\/company\/step-ahead-consulting-sa\/mycompany\/","https:\/\/www.instagram.com\/stepaheadconsulting\/"]}]}},"_links":{"self":[{"href":"https:\/\/stepahead.pt\/en\/wp-json\/wp\/v2\/pages\/14399","targetHints":{"allow":["GET"]}}],"collection":[{"href":"https:\/\/stepahead.pt\/en\/wp-json\/wp\/v2\/pages"}],"about":[{"href":"https:\/\/stepahead.pt\/en\/wp-json\/wp\/v2\/types\/page"}],"author":[{"embeddable":true,"href":"https:\/\/stepahead.pt\/en\/wp-json\/wp\/v2\/users\/3"}],"replies":[{"embeddable":true,"href":"https:\/\/stepahead.pt\/en\/wp-json\/wp\/v2\/comments?post=14399"}],"version-history":[{"count":9,"href":"https:\/\/stepahead.pt\/en\/wp-json\/wp\/v2\/pages\/14399\/revisions"}],"predecessor-version":[{"id":21424,"href":"https:\/\/stepahead.pt\/en\/wp-json\/wp\/v2\/pages\/14399\/revisions\/21424"}],"up":[{"embeddable":true,"href":"https:\/\/stepahead.pt\/en\/wp-json\/wp\/v2\/pages\/3712"}],"wp:featuredmedia":[{"embeddable":true,"href":"https:\/\/stepahead.pt\/en\/wp-json\/wp\/v2\/media\/14456"}],"wp:attachment":[{"href":"https:\/\/stepahead.pt\/en\/wp-json\/wp\/v2\/media?parent=14399"}],"curies":[{"name":"wp","href":"https:\/\/api.w.org\/{rel}","templated":true}]}}