{"id":15516,"date":"2024-09-02T15:41:45","date_gmt":"2024-09-02T15:41:45","guid":{"rendered":"https:\/\/stepahead.pt\/?page_id=15516"},"modified":"2024-09-26T10:56:39","modified_gmt":"2024-09-26T10:56:39","slug":"sitemap","status":"publish","type":"page","link":"https:\/\/stepahead.pt\/en\/sitemap\/","title":{"rendered":"Sitemap"},"content":{"rendered":"<div data-elementor-type=\"wp-page\" data-elementor-id=\"15516\" class=\"elementor elementor-15516\" data-elementor-post-type=\"page\">\n\t\t\t\t<div class=\"elementor-element elementor-element-d4b8c7f e-con-full e-flex e-con e-parent\" data-id=\"d4b8c7f\" data-element_type=\"container\" data-e-type=\"container\" data-settings=\"{&quot;background_background&quot;:&quot;classic&quot;}\">\n\t\t\t\t<div class=\"elementor-element elementor-element-8c9f68b elementor-widget__width-auto elementor-widget elementor-widget-heading\" data-id=\"8c9f68b\" data-element_type=\"widget\" data-e-type=\"widget\" data-widget_type=\"heading.default\">\n\t\t\t\t<div class=\"elementor-widget-container\">\n\t\t\t\t\t<h1 class=\"elementor-heading-title elementor-size-default\">Sitemap<\/h1>\t\t\t\t<\/div>\n\t\t\t\t<\/div>\n\t\t\t\t<\/div>\n\t\t<div class=\"elementor-element elementor-element-0fd9e29 e-con-full e-flex e-con e-parent\" data-id=\"0fd9e29\" data-element_type=\"container\" data-e-type=\"container\">\n\t\t\t\t<div class=\"elementor-element elementor-element-755413d elementor-widget__width-inherit elementor-widget elementor-widget-shortcode\" data-id=\"755413d\" data-element_type=\"widget\" data-e-type=\"widget\" data-widget_type=\"shortcode.default\">\n\t\t\t\t<div class=\"elementor-widget-container\">\n\t\t\t\t\t\t\t<div class=\"elementor-shortcode\"><div class=\"wsp-container\"><h2 class=\"wsp-pages-title\">Pages<\/h2>\n<ul class=\"wsp-pages-list\">\n<li class=\"page_item page-item-15564\"><a href=\"https:\/\/stepahead.pt\/en\/check-up-gratuito-outsystems\/\">Free OutSystems check-up<\/a><\/li>\n<li class=\"page_item page-item-377\"><a href=\"https:\/\/stepahead.pt\/en\/contactos\/\">Contact<\/a><\/li>\n<li class=\"page_item page-item-3442\"><a href=\"https:\/\/stepahead.pt\/en\/\">Home<\/a><\/li>\n<li class=\"page_item page-item-1145\"><a href=\"https:\/\/stepahead.pt\/en\/privacidade\/\">Privacy and Cookies Policy<\/a><\/li>\n<li class=\"page_item page-item-3712 page_item_has_children\"><a href=\"https:\/\/stepahead.pt\/en\/quem-somos\/\">Who are we<\/a>\n<ul class='children'>\n\t<li class=\"page_item page-item-3942\"><a href=\"https:\/\/stepahead.pt\/en\/quem-somos\/lideranca-e-equipa-steper\/\">Leadership and Team #Steper<\/a><\/li>\n\t<li class=\"page_item page-item-3839\"><a href=\"https:\/\/stepahead.pt\/en\/quem-somos\/manifesto\/\">Manifesto<\/a><\/li>\n\t<li class=\"page_item page-item-14399\"><a href=\"https:\/\/stepahead.pt\/en\/quem-somos\/multimedia\/\">Media<\/a><\/li>\n\t<li class=\"page_item page-item-3936\"><a href=\"https:\/\/stepahead.pt\/en\/quem-somos\/responsabilidade-ambiental-e-social\/\">Environmental and social responsibility<\/a><\/li>\n\t<li class=\"page_item page-item-3926\"><a href=\"https:\/\/stepahead.pt\/en\/quem-somos\/voz-e-tom-de-comunicacao\/\">Voice and tone of communication<\/a><\/li>\n<\/ul>\n<\/li>\n<li class=\"page_item page-item-14925\"><a href=\"https:\/\/stepahead.pt\/en\/regras-para-stepers\/\">Rules for Stepers<\/a><\/li>\n<li class=\"page_item page-item-15147\"><a href=\"https:\/\/stepahead.pt\/en\/regras-para-visitantes\/\">Rules for Visitors<\/a><\/li>\n<li class=\"page_item page-item-15516\"><a href=\"https:\/\/stepahead.pt\/en\/sitemap\/\">Sitemap<\/a><\/li>\n<li class=\"page_item page-item-306 page_item_has_children\"><a href=\"https:\/\/stepahead.pt\/en\/solucoes\/\">Solutions &amp; Services<\/a>\n<ul class='children'>\n\t<li class=\"page_item page-item-2258\"><a href=\"https:\/\/stepahead.pt\/en\/solucoes\/business-analytics\/\">Business Analytics<\/a><\/li>\n\t<li class=\"page_item page-item-8444\"><a href=\"https:\/\/stepahead.pt\/en\/solucoes\/caderno-de-encargos\/\">Specifications<\/a><\/li>\n\t<li class=\"page_item page-item-6627\"><a href=\"https:\/\/stepahead.pt\/en\/solucoes\/contraordenacoes\/\">Administrative offenses<\/a><\/li>\n\t<li class=\"page_item page-item-318\"><a href=\"https:\/\/stepahead.pt\/en\/solucoes\/crm-salesforce\/\">CRM Salesforce Customer relations<\/a><\/li>\n\t<li class=\"page_item page-item-324\"><a href=\"https:\/\/stepahead.pt\/en\/solucoes\/embaixadas-e-consulados\/\">Embassy and Consulate Management<\/a><\/li>\n\t<li class=\"page_item page-item-345\"><a href=\"https:\/\/stepahead.pt\/en\/solucoes\/gestao-de-infraestruturas-itps\/\">Infrastructure Management (ITPS)<\/a><\/li>\n\t<li class=\"page_item page-item-312\"><a href=\"https:\/\/stepahead.pt\/en\/solucoes\/gestao-documental-e-de-processos\/\">Document and Process Management<\/a><\/li>\n\t<li class=\"page_item page-item-351\"><a href=\"https:\/\/stepahead.pt\/en\/solucoes\/marketing-digital\/\">Digital Marketing<\/a><\/li>\n\t<li class=\"page_item page-item-8424\"><a href=\"https:\/\/stepahead.pt\/en\/solucoes\/mulesoft\/\">MuleSoft<\/a><\/li>\n\t<li class=\"page_item page-item-4747 page_item_has_children\"><a href=\"https:\/\/stepahead.pt\/en\/solucoes\/outsystems\/\">OutSystems<\/a>\n\t<ul class='children'>\n\t\t<li class=\"page_item page-item-5919\"><a href=\"https:\/\/stepahead.pt\/en\/solucoes\/outsystems\/outsystems-consultoria-e-estrategia\/\">OutSystems Consulting and Strategy<\/a><\/li>\n\t\t<li class=\"page_item page-item-5859\"><a href=\"https:\/\/stepahead.pt\/en\/solucoes\/outsystems\/desenvolvimento-e-integracao-outsystems\/\">Development and integration with OutSystems<\/a><\/li>\n\t\t<li class=\"page_item page-item-5975\"><a href=\"https:\/\/stepahead.pt\/en\/solucoes\/outsystems\/formacao-outsystems\/\">OutSystems training<\/a><\/li>\n\t\t<li class=\"page_item page-item-4652\"><a href=\"https:\/\/stepahead.pt\/en\/solucoes\/outsystems\/gestao-de-mudanca\/\">Change Management<\/a><\/li>\n\t\t<li class=\"page_item page-item-5955\"><a href=\"https:\/\/stepahead.pt\/en\/solucoes\/outsystems\/inteligencia-artificial\/\">Artificial Intelligence<\/a><\/li>\n\t\t<li class=\"page_item page-item-5932\"><a href=\"https:\/\/stepahead.pt\/en\/solucoes\/outsystems\/modernizacao-de-aplicacoes\/\">Application Modernization<\/a><\/li>\n\t<\/ul>\n<\/li>\n\t<li class=\"page_item page-item-7802 translation-block\">Strategic Plan<br>for IT<\/li>\n\t<li class=\"page_item page-item-21194\"><a href=\"https:\/\/stepahead.pt\/en\/solucoes\/registo-predial-digital\/\">Registo Predial Digital<\/a><\/li>\n\t<li class=\"page_item page-item-333\"><a href=\"https:\/\/stepahead.pt\/en\/solucoes\/registos-e-notariado\/\">Registry and Notary<\/a><\/li>\n\t<li class=\"page_item page-item-5088\"><a href=\"https:\/\/stepahead.pt\/en\/solucoes\/resolucao-alternativa-de-litigios\/\">Alternative Dispute Resolution<\/a><\/li>\n\t<li class=\"page_item page-item-339\"><a href=\"https:\/\/stepahead.pt\/en\/solucoes\/solucoes-a-medida\/\">Tailor-made solutions<\/a><\/li>\n\t<li class=\"page_item page-item-2755\"><a href=\"https:\/\/stepahead.pt\/en\/solucoes\/solucoes-para-o-setor-da-justica\/\">Solutions for the Justice Sector<\/a><\/li>\n<\/ul>\n<\/li>\n<li class=\"page_item page-item-8199\"><a href=\"https:\/\/stepahead.pt\/en\/solucoes-por-cargo\/\">Solu\u00e7\u00f5es: Por cargo<\/a><\/li>\n<li class=\"page_item page-item-8250\"><a href=\"https:\/\/stepahead.pt\/en\/solucoes-por-casos-de-uso\/\">Solu\u00e7\u00f5es: Por casos de uso<\/a><\/li>\n<li class=\"page_item page-item-8132\"><a href=\"https:\/\/stepahead.pt\/en\/solucoes-por-industria\/\">Solu\u00e7\u00f5es: Por ind\u00fastria<\/a><\/li>\n<li class=\"page_item page-item-459\"><a href=\"https:\/\/stepahead.pt\/en\/step-in\/\">Step-IN<\/a><\/li>\n<li class=\"page_item page-item-19582\"><a href=\"https:\/\/stepahead.pt\/en\/webinar-omni-channel\/\">Webinar, Omni-channel<\/a><\/li>\n<\/ul>\n<\/div><\/div>\n\t\t\t\t\t\t<\/div>\n\t\t\t\t<\/div>\n\t\t\t\t<div class=\"elementor-element elementor-element-d0b951e elementor-widget__width-inherit elementor-widget elementor-widget-shortcode\" data-id=\"d0b951e\" data-element_type=\"widget\" data-e-type=\"widget\" data-widget_type=\"shortcode.default\">\n\t\t\t\t<div class=\"elementor-widget-container\">\n\t\t\t\t\t\t\t<div class=\"elementor-shortcode\"><div class=\"wsp-container\"><h2 class=\"wsp-posts-title\">Posts by category<\/h2>\n<ul class=\"wsp-posts-list\">\n\t<li><strong class=\"wsp-category-title\">Category: <a href=\"https:\/\/stepahead.pt\/en\/category\/noticias\/\">News<\/a><\/strong>\n<ul class=\"wsp-posts-list\">\t\t<li class=\"wsp-post\"><a href=\"https:\/\/stepahead.pt\/en\/noticias\/salesforce-agentforce-world-tour-lisbon-2025\/\">Salesforce Agentforce World Tour Lisbon 2025<\/a><\/li>\n\t\t<li class=\"wsp-post\"><a href=\"https:\/\/stepahead.pt\/en\/noticias\/a-transformacao-digital-do-setor-publico-em-angola\/\">A transforma\u00e7\u00e3o digital do setor p\u00fablico em Angola<\/a><\/li>\n\t\t<li class=\"wsp-post\"><a href=\"https:\/\/stepahead.pt\/en\/noticias\/pme-excelencia-23-distincao-que-nos-orgulha\/\">PME Excel\u00eancia 23, distin\u00e7\u00e3o que nos orgulha<\/a><\/li>\n\t\t<li class=\"wsp-post\"><a href=\"https:\/\/stepahead.pt\/en\/noticias\/nova-sede-nova-energia-um-espaco-que-inspira-e-conecta\/\">Nova Sede, Nova Energia: Um Espa\u00e7o que Inspira e Conecta<\/a><\/li>\n\t\t<li class=\"wsp-post\"><a href=\"https:\/\/stepahead.pt\/en\/noticias\/banco-big-otimiza-processos-e-aumenta-eficiencia-com-o-siga-cloud\/\">Banco BiG otimiza processos e aumenta efici\u00eancia com o Siga Cloud<\/a><\/li>\n\t\t<li class=\"wsp-post\"><a href=\"https:\/\/stepahead.pt\/en\/noticias\/um-hat-trick-de-inovacao-para-os-clubes-no-thinking-football-summit-connect-with-your-fans-like-never-before\/\">A Hat-Trick of Innovation for Football Clubs at the Thinking Football Summit. Connect with your fans like never before.<\/a><\/li>\n\t\t<li class=\"wsp-post\"><a href=\"https:\/\/stepahead.pt\/en\/noticias\/operacao-nariz-vermelho-e-step-ahead-consulting-uma-parceria-solidaria\/\">Opera\u00e7\u00e3o Nariz Vermelho e Step Ahead Consulting: uma parceria solid\u00e1ria<\/a><\/li>\n\t\t<li class=\"wsp-post\"><a href=\"https:\/\/stepahead.pt\/en\/noticias\/entrevista-de-paulo-guerra-ao-jornal-de-negocios\/\">Entrevista de Paulo Guerra ao Jornal de Neg\u00f3cios<\/a><\/li>\n\t\t<li class=\"wsp-post\"><a href=\"https:\/\/stepahead.pt\/en\/noticias\/a-sua-visao-para-o-futuro-no-salesforce-world-tour-lisboa\/\">A Sua Vis\u00e3o para o Futuro no Salesforce World Tour Lisboa<\/a><\/li>\n\t\t<li class=\"wsp-post\"><a href=\"https:\/\/stepahead.pt\/en\/noticias\/inauguracao-da-academia-ignition\/\">Opening of the IGNITION Academy<\/a><\/li>\n\t\t<li class=\"wsp-post\"><a href=\"https:\/\/stepahead.pt\/en\/noticias\/rogerio-graca-revela-a-motivacao-para-a-expansao-da-step-ahead-consulting\/\">Rog\u00e9rio Gra\u00e7a reveals the motivation for the expansion of Step Ahead Consulting<\/a><\/li>\n\t\t<li class=\"wsp-post\"><a href=\"https:\/\/stepahead.pt\/en\/noticias\/a-step-ahead-consulting-anuncia-contratacao-de-joao-pais-como-novo-managing-director-board-advisor-business-developer\/\">Step Ahead Consulting announces hiring of Jo\u00e3o Pais as New Managing Director, Board Advisor &amp; Business Developer<\/a><\/li>\n\t\t<li class=\"wsp-post\"><a href=\"https:\/\/stepahead.pt\/en\/noticias\/joao-pina-e-o-novo-diretor-de-marketing-comunicacao-e-relacoes-institucionais\/\">Jo\u00e3o Pina is the new Director of Marketing, Communication and Institutional Relations<\/a><\/li>\n\t\t<li class=\"wsp-post\"><a href=\"https:\/\/stepahead.pt\/en\/noticias\/jmj\/\">Uma Revolu\u00e7\u00e3o Tecnol\u00f3gica na Gest\u00e3o da Jornada Mundial da Juventude<\/a><\/li>\n\t\t<li class=\"wsp-post\"><a href=\"https:\/\/stepahead.pt\/en\/noticias\/artigo-de-opiniao-de-paulo-guerra-para-o-jornal-economico\/\">Artigo de opini\u00e3o de Paulo Guerra para o Jornal Econ\u00f3mico<\/a><\/li>\n<\/ul><\/li>\n\t<li><strong class=\"wsp-category-title\">Category: <a href=\"https:\/\/stepahead.pt\/en\/category\/step-ahead-insights\/\">Step Ahead Insights<\/a><\/strong>\n<ul class=\"wsp-posts-list\">\t\t<li class=\"wsp-post\"><a href=\"https:\/\/stepahead.pt\/en\/step-ahead-insights\/prototipar-a-chave-para-um-levantamento-de-requisitos-ainda-mais-eficiente\/\">Prototipar: A Chave para um Levantamento de Requisitos (ainda mais) Eficiente<\/a><\/li>\n\t\t<li class=\"wsp-post\"><a href=\"https:\/\/stepahead.pt\/en\/step-ahead-insights\/divida-tecnica\/\">D\u00edvida T\u00e9cnica<\/a><\/li>\n\t\t<li class=\"wsp-post\"><a href=\"https:\/\/stepahead.pt\/en\/step-ahead-insights\/o-papel-da-inteligencia-artificial-no-crm-de-proxima-geracao\/\">O Papel da Intelig\u00eancia Artificial no CRM de Pr\u00f3xima Gera\u00e7\u00e3o<\/a><\/li>\n\t\t<li class=\"wsp-post\"><a href=\"https:\/\/stepahead.pt\/en\/step-ahead-insights\/a-essencia-dos-dados-modelacao-e-normalizacao-para-projetos-sustentaveis\/\">A Ess\u00eancia dos Dados: Modela\u00e7\u00e3o e Normaliza\u00e7\u00e3o para Projetos Sustent\u00e1veis<\/a><\/li>\n\t\t<li class=\"wsp-post\"><a href=\"https:\/\/stepahead.pt\/en\/step-ahead-insights\/acessibilidade-e-usabilidade-web-na-administracao-publica\/\">Acessibilidade e Usabilidade Web na Administra\u00e7\u00e3o P\u00fablica<\/a><\/li>\n\t\t<li class=\"wsp-post\"><a href=\"https:\/\/stepahead.pt\/en\/step-ahead-insights\/o-futuro-do-atendimento-autonomo-ao-cliente\/\">O Futuro do Atendimento Aut\u00f3nomo ao Cliente<\/a><\/li>\n\t\t<li class=\"wsp-post\"><a href=\"https:\/\/stepahead.pt\/en\/step-ahead-insights\/as-5-areas-mais-importantes-para-salesforce-service-cloud-em-2025\/\">As 5 \u00e1reas mais importantes para Salesforce Service Cloud em 2025<\/a><\/li>\n\t\t<li class=\"wsp-post\"><a href=\"https:\/\/stepahead.pt\/en\/step-ahead-insights\/o-impacto-da-inteligencia-artificial-em-empresas-de-consultoria-salesforce\/\">O Impacto da Intelig\u00eancia Artificial em Empresas de Consultoria Salesforce<\/a><\/li>\n\t\t<li class=\"wsp-post\"><a href=\"https:\/\/stepahead.pt\/en\/step-ahead-insights\/alem-dos-requisitos-como-os-business-analysts-criam-valor-atraves-da-investigacao\/\">Al\u00e9m dos Requisitos: Como os Business Analysts criam valor atrav\u00e9s da Investiga\u00e7\u00e3o<\/a><\/li>\n\t\t<li class=\"wsp-post\"><a href=\"https:\/\/stepahead.pt\/en\/step-ahead-insights\/apex-enterprise-patterns-no-desenvolvimento-salesforce\/\">Apex Enterprise Patterns no desenvolvimento Salesforce<\/a><\/li>\n\t\t<li class=\"wsp-post\"><a href=\"https:\/\/stepahead.pt\/en\/step-ahead-insights\/o-impacto-da-economia-digital-na-competitividade-das-pme\/\">O impacto da economia digital na competitividade das PME<\/a><\/li>\n<\/ul><\/li>\n<\/ul>\n<\/div><\/div>\n\t\t\t\t\t\t<\/div>\n\t\t\t\t<\/div>\n\t\t\t\t<\/div>\n\t\t\t\t<\/div>","protected":false},"excerpt":{"rendered":"<p>Sitemap<\/p>","protected":false},"author":3,"featured_media":0,"parent":0,"menu_order":0,"comment_status":"closed","ping_status":"closed","template":"elementor_header_footer","meta":{"_acf_changed":false,"episode_type":"","audio_file":"","cover_image":"","cover_image_id":"","duration":"","filesize":"","date_recorded":"","explicit":"","block":"","filesize_raw":"","footnotes":""},"class_list":["post-15516","page","type-page","status-publish","hentry"],"acf":[],"yoast_head":"<!-- This site is optimized with the Yoast SEO plugin v27.5 - https:\/\/yoast.com\/product\/yoast-seo-wordpress\/ -->\n<title>Sitemap - Step Ahead Consulting<\/title>\n<meta name=\"robots\" content=\"index, follow, max-snippet:-1, max-image-preview:large, max-video-preview:-1\" \/>\n<link rel=\"canonical\" href=\"https:\/\/stepahead.pt\/en\/sitemap\/\" \/>\n<meta property=\"og:locale\" content=\"en_US\" \/>\n<meta property=\"og:type\" content=\"article\" \/>\n<meta property=\"og:title\" content=\"Sitemap - Step Ahead Consulting\" \/>\n<meta property=\"og:description\" content=\"Sitemap\" \/>\n<meta property=\"og:url\" content=\"https:\/\/stepahead.pt\/en\/sitemap\/\" \/>\n<meta property=\"og:site_name\" content=\"Step Ahead Consulting\" \/>\n<meta property=\"article:publisher\" content=\"https:\/\/www.facebook.com\/StepAheadConsultingPortugal\/\" \/>\n<meta property=\"article:modified_time\" content=\"2024-09-26T10:56:39+00:00\" \/>\n<meta name=\"twitter:card\" content=\"summary_large_image\" \/>\n<meta name=\"twitter:site\" content=\"@StepAheadCons\" \/>\n<script type=\"application\/ld+json\" class=\"yoast-schema-graph\">{\"@context\":\"https:\\\/\\\/schema.org\",\"@graph\":[{\"@type\":\"WebPage\",\"@id\":\"https:\\\/\\\/stepahead.pt\\\/sitemap\\\/\",\"url\":\"https:\\\/\\\/stepahead.pt\\\/sitemap\\\/\",\"name\":\"Sitemap - Step Ahead Consulting\",\"isPartOf\":{\"@id\":\"https:\\\/\\\/stepahead.pt\\\/#website\"},\"datePublished\":\"2024-09-02T15:41:45+00:00\",\"dateModified\":\"2024-09-26T10:56:39+00:00\",\"breadcrumb\":{\"@id\":\"https:\\\/\\\/stepahead.pt\\\/sitemap\\\/#breadcrumb\"},\"inLanguage\":\"en-US\",\"potentialAction\":[{\"@type\":\"ReadAction\",\"target\":[\"https:\\\/\\\/stepahead.pt\\\/sitemap\\\/\"]}]},{\"@type\":\"BreadcrumbList\",\"@id\":\"https:\\\/\\\/stepahead.pt\\\/sitemap\\\/#breadcrumb\",\"itemListElement\":[{\"@type\":\"ListItem\",\"position\":1,\"name\":\"In\u00edcio\",\"item\":\"https:\\\/\\\/stepahead.pt\\\/\"},{\"@type\":\"ListItem\",\"position\":2,\"name\":\"Sitemap\"}]},{\"@type\":\"WebSite\",\"@id\":\"https:\\\/\\\/stepahead.pt\\\/#website\",\"url\":\"https:\\\/\\\/stepahead.pt\\\/\",\"name\":\"Step Ahead Consulting\",\"description\":\"\",\"publisher\":{\"@id\":\"https:\\\/\\\/stepahead.pt\\\/#organization\"},\"potentialAction\":[{\"@type\":\"SearchAction\",\"target\":{\"@type\":\"EntryPoint\",\"urlTemplate\":\"https:\\\/\\\/stepahead.pt\\\/?s={search_term_string}\"},\"query-input\":{\"@type\":\"PropertyValueSpecification\",\"valueRequired\":true,\"valueName\":\"search_term_string\"}}],\"inLanguage\":\"en-US\"},{\"@type\":\"Organization\",\"@id\":\"https:\\\/\\\/stepahead.pt\\\/#organization\",\"name\":\"Step Ahead Consulting\",\"url\":\"https:\\\/\\\/stepahead.pt\\\/\",\"logo\":{\"@type\":\"ImageObject\",\"inLanguage\":\"en-US\",\"@id\":\"https:\\\/\\\/stepahead.pt\\\/#\\\/schema\\\/logo\\\/image\\\/\",\"url\":\"https:\\\/\\\/stepahead.pt\\\/wp-content\\\/uploads\\\/2021\\\/09\\\/sac-favicon.svg\",\"contentUrl\":\"https:\\\/\\\/stepahead.pt\\\/wp-content\\\/uploads\\\/2021\\\/09\\\/sac-favicon.svg\",\"width\":1754,\"height\":1754,\"caption\":\"Step Ahead Consulting\"},\"image\":{\"@id\":\"https:\\\/\\\/stepahead.pt\\\/#\\\/schema\\\/logo\\\/image\\\/\"},\"sameAs\":[\"https:\\\/\\\/www.facebook.com\\\/StepAheadConsultingPortugal\\\/\",\"https:\\\/\\\/x.com\\\/StepAheadCons\",\"https:\\\/\\\/www.linkedin.com\\\/company\\\/step-ahead-consulting-sa\\\/mycompany\\\/\",\"https:\\\/\\\/www.instagram.com\\\/stepaheadconsulting\\\/\"]}]}<\/script>\n<!-- \/ Yoast SEO plugin. -->","yoast_head_json":{"title":"Sitemap - Step Ahead Consulting","robots":{"index":"index","follow":"follow","max-snippet":"max-snippet:-1","max-image-preview":"max-image-preview:large","max-video-preview":"max-video-preview:-1"},"canonical":"https:\/\/stepahead.pt\/en\/sitemap\/","og_locale":"en_US","og_type":"article","og_title":"Sitemap - Step Ahead Consulting","og_description":"Sitemap","og_url":"https:\/\/stepahead.pt\/en\/sitemap\/","og_site_name":"Step Ahead Consulting","article_publisher":"https:\/\/www.facebook.com\/StepAheadConsultingPortugal\/","article_modified_time":"2024-09-26T10:56:39+00:00","twitter_card":"summary_large_image","twitter_site":"@StepAheadCons","schema":{"@context":"https:\/\/schema.org","@graph":[{"@type":"WebPage","@id":"https:\/\/stepahead.pt\/sitemap\/","url":"https:\/\/stepahead.pt\/sitemap\/","name":"Sitemap - Step Ahead Consulting","isPartOf":{"@id":"https:\/\/stepahead.pt\/#website"},"datePublished":"2024-09-02T15:41:45+00:00","dateModified":"2024-09-26T10:56:39+00:00","breadcrumb":{"@id":"https:\/\/stepahead.pt\/sitemap\/#breadcrumb"},"inLanguage":"en-US","potentialAction":[{"@type":"ReadAction","target":["https:\/\/stepahead.pt\/sitemap\/"]}]},{"@type":"BreadcrumbList","@id":"https:\/\/stepahead.pt\/sitemap\/#breadcrumb","itemListElement":[{"@type":"ListItem","position":1,"name":"In\u00edcio","item":"https:\/\/stepahead.pt\/"},{"@type":"ListItem","position":2,"name":"Sitemap"}]},{"@type":"WebSite","@id":"https:\/\/stepahead.pt\/#website","url":"https:\/\/stepahead.pt\/","name":"Step Ahead Consulting","description":"","publisher":{"@id":"https:\/\/stepahead.pt\/#organization"},"potentialAction":[{"@type":"SearchAction","target":{"@type":"EntryPoint","urlTemplate":"https:\/\/stepahead.pt\/?s={search_term_string}"},"query-input":{"@type":"PropertyValueSpecification","valueRequired":true,"valueName":"search_term_string"}}],"inLanguage":"en-US"},{"@type":"Organization","@id":"https:\/\/stepahead.pt\/#organization","name":"Step Ahead Consulting","url":"https:\/\/stepahead.pt\/","logo":{"@type":"ImageObject","inLanguage":"en-US","@id":"https:\/\/stepahead.pt\/#\/schema\/logo\/image\/","url":"https:\/\/stepahead.pt\/wp-content\/uploads\/2021\/09\/sac-favicon.svg","contentUrl":"https:\/\/stepahead.pt\/wp-content\/uploads\/2021\/09\/sac-favicon.svg","width":1754,"height":1754,"caption":"Step Ahead Consulting"},"image":{"@id":"https:\/\/stepahead.pt\/#\/schema\/logo\/image\/"},"sameAs":["https:\/\/www.facebook.com\/StepAheadConsultingPortugal\/","https:\/\/x.com\/StepAheadCons","https:\/\/www.linkedin.com\/company\/step-ahead-consulting-sa\/mycompany\/","https:\/\/www.instagram.com\/stepaheadconsulting\/"]}]}},"_links":{"self":[{"href":"https:\/\/stepahead.pt\/en\/wp-json\/wp\/v2\/pages\/15516","targetHints":{"allow":["GET"]}}],"collection":[{"href":"https:\/\/stepahead.pt\/en\/wp-json\/wp\/v2\/pages"}],"about":[{"href":"https:\/\/stepahead.pt\/en\/wp-json\/wp\/v2\/types\/page"}],"author":[{"embeddable":true,"href":"https:\/\/stepahead.pt\/en\/wp-json\/wp\/v2\/users\/3"}],"replies":[{"embeddable":true,"href":"https:\/\/stepahead.pt\/en\/wp-json\/wp\/v2\/comments?post=15516"}],"version-history":[{"count":0,"href":"https:\/\/stepahead.pt\/en\/wp-json\/wp\/v2\/pages\/15516\/revisions"}],"wp:attachment":[{"href":"https:\/\/stepahead.pt\/en\/wp-json\/wp\/v2\/media?parent=15516"}],"curies":[{"name":"wp","href":"https:\/\/api.w.org\/{rel}","templated":true}]}}